{"id":45,"date":"2020-08-09T17:18:54","date_gmt":"2020-08-09T15:18:54","guid":{"rendered":"http:\/\/apparthotel-troyes.com\/?page_id=45"},"modified":"2024-06-05T18:55:58","modified_gmt":"2024-06-05T16:55:58","slug":"contact-la-rubrique-contact-des-apparthotel-a-troyes-le-charme-de-la-campagne-en-ville-2","status":"publish","type":"page","link":"https:\/\/apparthotel-troyes.com\/index.php\/contact-la-rubrique-contact-des-apparthotel-a-troyes-le-charme-de-la-campagne-en-ville\/contact-la-rubrique-contact-des-apparthotel-a-troyes-le-charme-de-la-campagne-en-ville-2\/","title":{"rendered":"Contact"},"content":{"rendered":"\r\n\n<div class=\"wpcf7 no-js\" id=\"wpcf7-f176-o1\" lang=\"fr-FR\" dir=\"ltr\">\n<div class=\"screen-reader-response\"><p role=\"status\" aria-live=\"polite\" aria-atomic=\"true\"><\/p> <ul><\/ul><\/div>\n<form action=\"\/index.php\/wp-json\/wp\/v2\/pages\/45#wpcf7-f176-o1\" method=\"post\" class=\"wpcf7-form init\" aria-label=\"Formulaire de contact\" novalidate=\"novalidate\" data-status=\"init\">\n<div style=\"display: none;\">\n<input type=\"hidden\" name=\"_wpcf7\" value=\"176\" \/>\n<input type=\"hidden\" name=\"_wpcf7_version\" value=\"5.9.5\" \/>\n<input type=\"hidden\" name=\"_wpcf7_locale\" value=\"fr_FR\" \/>\n<input type=\"hidden\" name=\"_wpcf7_unit_tag\" value=\"wpcf7-f176-o1\" \/>\n<input type=\"hidden\" name=\"_wpcf7_container_post\" value=\"0\" \/>\n<input type=\"hidden\" name=\"_wpcf7_posted_data_hash\" value=\"\" \/>\n<\/div>\n<p><label> Votre nom (obligatoire)<br \/>\n<span class=\"wpcf7-form-control-wrap\" data-name=\"your-name\"><input size=\"40\" class=\"wpcf7-form-control wpcf7-text wpcf7-validates-as-required\" aria-required=\"true\" aria-invalid=\"false\" value=\"\" type=\"text\" name=\"your-name\" \/><\/span> <\/label>\n<\/p>\n<p><label> Votre adresse de messagerie (obligatoire)<br \/>\n<span class=\"wpcf7-form-control-wrap\" data-name=\"your-email\"><input size=\"40\" class=\"wpcf7-form-control wpcf7-email wpcf7-validates-as-required wpcf7-text wpcf7-validates-as-email\" aria-required=\"true\" aria-invalid=\"false\" value=\"\" type=\"email\" name=\"your-email\" \/><\/span> <\/label>\n<\/p>\n<p><label> Objet<br \/>\n<span class=\"wpcf7-form-control-wrap\" data-name=\"your-subject\"><input size=\"40\" class=\"wpcf7-form-control wpcf7-text\" aria-invalid=\"false\" value=\"\" type=\"text\" name=\"your-subject\" \/><\/span> <\/label>\n<\/p>\n<p><label> Votre message<br \/>\n<span class=\"wpcf7-form-control-wrap\" data-name=\"your-message\"><textarea cols=\"40\" rows=\"10\" class=\"wpcf7-form-control wpcf7-textarea\" aria-invalid=\"false\" name=\"your-message\"><\/textarea><\/span> <\/label>\n<\/p>\n<p><input class=\"wpcf7-form-control wpcf7-submit has-spinner\" type=\"submit\" value=\"Envoyer\" \/>\n<\/p><div class=\"wpcf7-response-output\" aria-hidden=\"true\"><\/div>\n<\/form>\n<\/div>\n\r\n<h2><strong>Quelle est l&#8217;heure d&#8217;arriv\u00e9e et de d\u00e9part ?<\/strong><\/h2>\r\n<p>Le check-in ( arriv\u00e9e dans le logement ) est possible \u00e0 partir de 17h et le ckeck-out ( d\u00e9part du logement )\u00a0 doit \u00eatre fait au plus tard \u00e0 10h.\u00a0<\/p>\r\n<h2><strong>Y a-t-il un contrat de location ?<\/strong><\/h2>\r\n<p>Oui, un contrat de location vous sera fourni lors de votre arriv\u00e9e. Vous devrez le signer en deux exemplaires.<\/p>\r\n<h2><strong>Dois-je payer un acompte ?<\/strong><\/h2>\r\n<p>A la r\u00e9servation, le montant du s\u00e9jour est encaiss\u00e9. En cas d&#8217;annulation jusque 14 jours avant la date d&#8217;arriv\u00e9e, ce montant vous est int\u00e9gralement rembours\u00e9. A moins de 14 jours, aucun remboursement ne sera effectu\u00e9.<\/p>\r\n<h2><strong>Vais-je recevoir une facture \u00e0 l&#8217;issue du s\u00e9jour ?<\/strong><\/h2>\r\n<p>Oui nous vous donnerons une facture \u00e0 votre arriv\u00e9e dans le logement.<\/p>\r\n<h2><strong>Les animaux sont-ils autoris\u00e9s ?<\/strong><\/h2>\r\n<p>Nous aimons beaucoup les animaux mais ils sont malheureusement interdits dans le logement pour des raisons d&#8217;hygi\u00e8ne.<\/p>\r\n<h2><strong>Le logement est-il fumeur ?<\/strong><\/h2>\r\n<p>Il est strictement interdit de fumer dans le logement car il est \u00e9quip\u00e9 d&#8217;un d\u00e9tecteur de fum\u00e9e. Il est possible de fumer \u00e0 l&#8217;ext\u00e9rieur, un espace abrit\u00e9 le permet.<\/p>\r\n<h2><strong>Qui contacter en cas de probl\u00e8mes ?<\/strong><\/h2>\r\n<p>Toutes les informations utiles seront dans le livret qui vous sera remis \u00e0 votre arriv\u00e9e.<\/p>\r\n<h2><strong>Combien de personnes peuvent dormir dans le logement ?<\/strong><\/h2>\r\n<p>Le logement peut accueillir jusqu&#8217;\u00e0 six personnes. Il y a un lit de 160X200, un deuxi\u00e8me lit de 140X200 et un canap\u00e9 lit de 140X200.<\/p>\r\n<h2><strong>Le linge de lit et les serviettes de bains sont-ils inclus ?<\/strong><\/h2>\r\n<p>Oui tout le linge de maison est syst\u00e9matiquement fourni.<\/p>\r\n<h2><strong>Le m\u00e9nage est-il inclus dans le prix du s\u00e9jour ?<\/strong><\/h2>\r\n<p>Un forfait m\u00e9nage est inclus ( 50 Euros par s\u00e9jour ) pour que tous nos voyageurs aient la m\u00eame qualit\u00e9 de propret\u00e9 \u00e0 leur arriv\u00e9e.<\/p>\r\n<p>Cependant le(s) locataire(s) est tenu de le rendre dans son \u00e9tat normal d&#8217;utilisation ( vaisselle propre et rang\u00e9e, r\u00e9frig\u00e9rateur vid\u00e9, etc&#8230; ).<\/p>\r\n<h2><strong>O\u00f9 puis-je me garer ?<\/strong><\/h2>\r\n<p>Le stationnement est gratuit dans la rue ainsi que dans tout le quartier.<\/p>\r\n","protected":false},"excerpt":{"rendered":"<p>Quelle est l&#8217;heure d&#8217;arriv\u00e9e et de d\u00e9part ? Le check-in ( arriv\u00e9e dans le logement ) est possible \u00e0 partir de 17h et le ckeck-out ( d\u00e9part du logement )\u00a0 doit \u00eatre fait au plus tard \u00e0 10h.\u00a0 Y a-t-il un contrat de location ? Oui, un contrat de location vous sera fourni lors de &hellip; <\/p>\n<p class=\"link-more\"><a href=\"https:\/\/apparthotel-troyes.com\/index.php\/contact-la-rubrique-contact-des-apparthotel-a-troyes-le-charme-de-la-campagne-en-ville\/contact-la-rubrique-contact-des-apparthotel-a-troyes-le-charme-de-la-campagne-en-ville-2\/\" class=\"more-link\">Continue reading<span class=\"screen-reader-text\"> &#8220;Contact&#8221;<\/span><\/a><\/p>\n","protected":false},"author":1,"featured_media":264,"parent":43,"menu_order":0,"comment_status":"closed","ping_status":"closed","template":"","meta":{"_exactmetrics_skip_tracking":false,"_exactmetrics_sitenote_active":false,"_exactmetrics_sitenote_note":"","_exactmetrics_sitenote_category":0,"footnotes":""},"yoast_head":"<!-- This site is optimized with the Yoast SEO plugin v24.1 - https:\/\/yoast.com\/wordpress\/plugins\/seo\/ -->\n<title>Contact - AppartH\u00f4tel-Troyes<\/title>\n<meta name=\"description\" content=\"Contact : La rubrique contact des apparthotel \u00e0 troyes. Le charme de la campagne en ville. Vous pouvez nous poser vos questions.\" \/>\n<meta name=\"robots\" content=\"index, follow, max-snippet:-1, max-image-preview:large, max-video-preview:-1\" \/>\n<link rel=\"canonical\" href=\"https:\/\/apparthotel-troyes.com\/index.php\/contact-la-rubrique-contact-des-apparthotel-a-troyes-le-charme-de-la-campagne-en-ville\/contact-la-rubrique-contact-des-apparthotel-a-troyes-le-charme-de-la-campagne-en-ville-2\/\" \/>\n<meta property=\"og:locale\" content=\"en_US\" \/>\n<meta property=\"og:type\" content=\"article\" \/>\n<meta property=\"og:title\" content=\"Contact - AppartH\u00f4tel-Troyes\" \/>\n<meta property=\"og:description\" content=\"Contact : La rubrique contact des apparthotel \u00e0 troyes. Le charme de la campagne en ville. Vous pouvez nous poser vos questions.\" \/>\n<meta property=\"og:url\" content=\"https:\/\/apparthotel-troyes.com\/index.php\/contact-la-rubrique-contact-des-apparthotel-a-troyes-le-charme-de-la-campagne-en-ville\/contact-la-rubrique-contact-des-apparthotel-a-troyes-le-charme-de-la-campagne-en-ville-2\/\" \/>\n<meta property=\"og:site_name\" content=\"AppartH\u00f4tel-Troyes\" \/>\n<meta property=\"article:modified_time\" content=\"2024-06-05T16:55:58+00:00\" \/>\n<meta property=\"og:image\" content=\"https:\/\/apparthotel-troyes.com\/wp-content\/uploads\/2020\/09\/Cathedrale-copie-1024x608.jpg\" \/>\n\t<meta property=\"og:image:width\" content=\"1024\" \/>\n\t<meta property=\"og:image:height\" content=\"608\" \/>\n\t<meta property=\"og:image:type\" content=\"image\/jpeg\" \/>\n<meta name=\"twitter:card\" content=\"summary_large_image\" \/>\n<meta name=\"twitter:label1\" content=\"Est. reading time\" \/>\n\t<meta name=\"twitter:data1\" content=\"2 minutes\" \/>\n<script type=\"application\/ld+json\" class=\"yoast-schema-graph\">{\"@context\":\"https:\/\/schema.org\",\"@graph\":[{\"@type\":\"WebPage\",\"@id\":\"https:\/\/apparthotel-troyes.com\/index.php\/contact-la-rubrique-contact-des-apparthotel-a-troyes-le-charme-de-la-campagne-en-ville\/contact-la-rubrique-contact-des-apparthotel-a-troyes-le-charme-de-la-campagne-en-ville-2\/\",\"url\":\"https:\/\/apparthotel-troyes.com\/index.php\/contact-la-rubrique-contact-des-apparthotel-a-troyes-le-charme-de-la-campagne-en-ville\/contact-la-rubrique-contact-des-apparthotel-a-troyes-le-charme-de-la-campagne-en-ville-2\/\",\"name\":\"Contact - AppartH\u00f4tel-Troyes\",\"isPartOf\":{\"@id\":\"https:\/\/apparthotel-troyes.com\/#website\"},\"primaryImageOfPage\":{\"@id\":\"https:\/\/apparthotel-troyes.com\/index.php\/contact-la-rubrique-contact-des-apparthotel-a-troyes-le-charme-de-la-campagne-en-ville\/contact-la-rubrique-contact-des-apparthotel-a-troyes-le-charme-de-la-campagne-en-ville-2\/#primaryimage\"},\"image\":{\"@id\":\"https:\/\/apparthotel-troyes.com\/index.php\/contact-la-rubrique-contact-des-apparthotel-a-troyes-le-charme-de-la-campagne-en-ville\/contact-la-rubrique-contact-des-apparthotel-a-troyes-le-charme-de-la-campagne-en-ville-2\/#primaryimage\"},\"thumbnailUrl\":\"https:\/\/apparthotel-troyes.com\/wp-content\/uploads\/2020\/09\/Cathedrale-copie.jpg\",\"datePublished\":\"2020-08-09T15:18:54+00:00\",\"dateModified\":\"2024-06-05T16:55:58+00:00\",\"description\":\"Contact : La rubrique contact des apparthotel \u00e0 troyes. Le charme de la campagne en ville. Vous pouvez nous poser vos questions.\",\"breadcrumb\":{\"@id\":\"https:\/\/apparthotel-troyes.com\/index.php\/contact-la-rubrique-contact-des-apparthotel-a-troyes-le-charme-de-la-campagne-en-ville\/contact-la-rubrique-contact-des-apparthotel-a-troyes-le-charme-de-la-campagne-en-ville-2\/#breadcrumb\"},\"inLanguage\":\"en-US\",\"potentialAction\":[{\"@type\":\"ReadAction\",\"target\":[\"https:\/\/apparthotel-troyes.com\/index.php\/contact-la-rubrique-contact-des-apparthotel-a-troyes-le-charme-de-la-campagne-en-ville\/contact-la-rubrique-contact-des-apparthotel-a-troyes-le-charme-de-la-campagne-en-ville-2\/\"]}]},{\"@type\":\"ImageObject\",\"inLanguage\":\"en-US\",\"@id\":\"https:\/\/apparthotel-troyes.com\/index.php\/contact-la-rubrique-contact-des-apparthotel-a-troyes-le-charme-de-la-campagne-en-ville\/contact-la-rubrique-contact-des-apparthotel-a-troyes-le-charme-de-la-campagne-en-ville-2\/#primaryimage\",\"url\":\"https:\/\/apparthotel-troyes.com\/wp-content\/uploads\/2020\/09\/Cathedrale-copie.jpg\",\"contentUrl\":\"https:\/\/apparthotel-troyes.com\/wp-content\/uploads\/2020\/09\/Cathedrale-copie.jpg\",\"width\":2000,\"height\":1187},{\"@type\":\"BreadcrumbList\",\"@id\":\"https:\/\/apparthotel-troyes.com\/index.php\/contact-la-rubrique-contact-des-apparthotel-a-troyes-le-charme-de-la-campagne-en-ville\/contact-la-rubrique-contact-des-apparthotel-a-troyes-le-charme-de-la-campagne-en-ville-2\/#breadcrumb\",\"itemListElement\":[{\"@type\":\"ListItem\",\"position\":1,\"name\":\"Accueil\",\"item\":\"https:\/\/apparthotel-troyes.com\/\"},{\"@type\":\"ListItem\",\"position\":2,\"name\":\"Accueil\",\"item\":\"https:\/\/apparthotel-troyes.com\/\"},{\"@type\":\"ListItem\",\"position\":3,\"name\":\"Contact\"}]},{\"@type\":\"WebSite\",\"@id\":\"https:\/\/apparthotel-troyes.com\/#website\",\"url\":\"https:\/\/apparthotel-troyes.com\/\",\"name\":\"AppartH\u00f4tel-Troyes\",\"description\":\"LA SOLUTION ID\u00c9ALE POUR VOTRE S\u00c9JOUR DANS L&#039;AUBE\",\"potentialAction\":[{\"@type\":\"SearchAction\",\"target\":{\"@type\":\"EntryPoint\",\"urlTemplate\":\"https:\/\/apparthotel-troyes.com\/?s={search_term_string}\"},\"query-input\":{\"@type\":\"PropertyValueSpecification\",\"valueRequired\":true,\"valueName\":\"search_term_string\"}}],\"inLanguage\":\"en-US\"}]}<\/script>\n<!-- \/ Yoast SEO plugin. -->","yoast_head_json":{"title":"Contact - AppartH\u00f4tel-Troyes","description":"Contact : La rubrique contact des apparthotel \u00e0 troyes. Le charme de la campagne en ville. Vous pouvez nous poser vos questions.","robots":{"index":"index","follow":"follow","max-snippet":"max-snippet:-1","max-image-preview":"max-image-preview:large","max-video-preview":"max-video-preview:-1"},"canonical":"https:\/\/apparthotel-troyes.com\/index.php\/contact-la-rubrique-contact-des-apparthotel-a-troyes-le-charme-de-la-campagne-en-ville\/contact-la-rubrique-contact-des-apparthotel-a-troyes-le-charme-de-la-campagne-en-ville-2\/","og_locale":"en_US","og_type":"article","og_title":"Contact - AppartH\u00f4tel-Troyes","og_description":"Contact : La rubrique contact des apparthotel \u00e0 troyes. Le charme de la campagne en ville. Vous pouvez nous poser vos questions.","og_url":"https:\/\/apparthotel-troyes.com\/index.php\/contact-la-rubrique-contact-des-apparthotel-a-troyes-le-charme-de-la-campagne-en-ville\/contact-la-rubrique-contact-des-apparthotel-a-troyes-le-charme-de-la-campagne-en-ville-2\/","og_site_name":"AppartH\u00f4tel-Troyes","article_modified_time":"2024-06-05T16:55:58+00:00","og_image":[{"width":1024,"height":608,"url":"https:\/\/apparthotel-troyes.com\/wp-content\/uploads\/2020\/09\/Cathedrale-copie-1024x608.jpg","type":"image\/jpeg"}],"twitter_card":"summary_large_image","twitter_misc":{"Est. reading time":"2 minutes"},"schema":{"@context":"https:\/\/schema.org","@graph":[{"@type":"WebPage","@id":"https:\/\/apparthotel-troyes.com\/index.php\/contact-la-rubrique-contact-des-apparthotel-a-troyes-le-charme-de-la-campagne-en-ville\/contact-la-rubrique-contact-des-apparthotel-a-troyes-le-charme-de-la-campagne-en-ville-2\/","url":"https:\/\/apparthotel-troyes.com\/index.php\/contact-la-rubrique-contact-des-apparthotel-a-troyes-le-charme-de-la-campagne-en-ville\/contact-la-rubrique-contact-des-apparthotel-a-troyes-le-charme-de-la-campagne-en-ville-2\/","name":"Contact - AppartH\u00f4tel-Troyes","isPartOf":{"@id":"https:\/\/apparthotel-troyes.com\/#website"},"primaryImageOfPage":{"@id":"https:\/\/apparthotel-troyes.com\/index.php\/contact-la-rubrique-contact-des-apparthotel-a-troyes-le-charme-de-la-campagne-en-ville\/contact-la-rubrique-contact-des-apparthotel-a-troyes-le-charme-de-la-campagne-en-ville-2\/#primaryimage"},"image":{"@id":"https:\/\/apparthotel-troyes.com\/index.php\/contact-la-rubrique-contact-des-apparthotel-a-troyes-le-charme-de-la-campagne-en-ville\/contact-la-rubrique-contact-des-apparthotel-a-troyes-le-charme-de-la-campagne-en-ville-2\/#primaryimage"},"thumbnailUrl":"https:\/\/apparthotel-troyes.com\/wp-content\/uploads\/2020\/09\/Cathedrale-copie.jpg","datePublished":"2020-08-09T15:18:54+00:00","dateModified":"2024-06-05T16:55:58+00:00","description":"Contact : La rubrique contact des apparthotel \u00e0 troyes. Le charme de la campagne en ville. Vous pouvez nous poser vos questions.","breadcrumb":{"@id":"https:\/\/apparthotel-troyes.com\/index.php\/contact-la-rubrique-contact-des-apparthotel-a-troyes-le-charme-de-la-campagne-en-ville\/contact-la-rubrique-contact-des-apparthotel-a-troyes-le-charme-de-la-campagne-en-ville-2\/#breadcrumb"},"inLanguage":"en-US","potentialAction":[{"@type":"ReadAction","target":["https:\/\/apparthotel-troyes.com\/index.php\/contact-la-rubrique-contact-des-apparthotel-a-troyes-le-charme-de-la-campagne-en-ville\/contact-la-rubrique-contact-des-apparthotel-a-troyes-le-charme-de-la-campagne-en-ville-2\/"]}]},{"@type":"ImageObject","inLanguage":"en-US","@id":"https:\/\/apparthotel-troyes.com\/index.php\/contact-la-rubrique-contact-des-apparthotel-a-troyes-le-charme-de-la-campagne-en-ville\/contact-la-rubrique-contact-des-apparthotel-a-troyes-le-charme-de-la-campagne-en-ville-2\/#primaryimage","url":"https:\/\/apparthotel-troyes.com\/wp-content\/uploads\/2020\/09\/Cathedrale-copie.jpg","contentUrl":"https:\/\/apparthotel-troyes.com\/wp-content\/uploads\/2020\/09\/Cathedrale-copie.jpg","width":2000,"height":1187},{"@type":"BreadcrumbList","@id":"https:\/\/apparthotel-troyes.com\/index.php\/contact-la-rubrique-contact-des-apparthotel-a-troyes-le-charme-de-la-campagne-en-ville\/contact-la-rubrique-contact-des-apparthotel-a-troyes-le-charme-de-la-campagne-en-ville-2\/#breadcrumb","itemListElement":[{"@type":"ListItem","position":1,"name":"Accueil","item":"https:\/\/apparthotel-troyes.com\/"},{"@type":"ListItem","position":2,"name":"Accueil","item":"https:\/\/apparthotel-troyes.com\/"},{"@type":"ListItem","position":3,"name":"Contact"}]},{"@type":"WebSite","@id":"https:\/\/apparthotel-troyes.com\/#website","url":"https:\/\/apparthotel-troyes.com\/","name":"AppartH\u00f4tel-Troyes","description":"LA SOLUTION ID\u00c9ALE POUR VOTRE S\u00c9JOUR DANS L&#039;AUBE","potentialAction":[{"@type":"SearchAction","target":{"@type":"EntryPoint","urlTemplate":"https:\/\/apparthotel-troyes.com\/?s={search_term_string}"},"query-input":{"@type":"PropertyValueSpecification","valueRequired":true,"valueName":"search_term_string"}}],"inLanguage":"en-US"}]}},"_links":{"self":[{"href":"https:\/\/apparthotel-troyes.com\/index.php\/wp-json\/wp\/v2\/pages\/45"}],"collection":[{"href":"https:\/\/apparthotel-troyes.com\/index.php\/wp-json\/wp\/v2\/pages"}],"about":[{"href":"https:\/\/apparthotel-troyes.com\/index.php\/wp-json\/wp\/v2\/types\/page"}],"author":[{"embeddable":true,"href":"https:\/\/apparthotel-troyes.com\/index.php\/wp-json\/wp\/v2\/users\/1"}],"replies":[{"embeddable":true,"href":"https:\/\/apparthotel-troyes.com\/index.php\/wp-json\/wp\/v2\/comments?post=45"}],"version-history":[{"count":6,"href":"https:\/\/apparthotel-troyes.com\/index.php\/wp-json\/wp\/v2\/pages\/45\/revisions"}],"predecessor-version":[{"id":289,"href":"https:\/\/apparthotel-troyes.com\/index.php\/wp-json\/wp\/v2\/pages\/45\/revisions\/289"}],"up":[{"embeddable":true,"href":"https:\/\/apparthotel-troyes.com\/index.php\/wp-json\/wp\/v2\/pages\/43"}],"wp:featuredmedia":[{"embeddable":true,"href":"https:\/\/apparthotel-troyes.com\/index.php\/wp-json\/wp\/v2\/media\/264"}],"wp:attachment":[{"href":"https:\/\/apparthotel-troyes.com\/index.php\/wp-json\/wp\/v2\/media?parent=45"}],"curies":[{"name":"wp","href":"https:\/\/api.w.org\/{rel}","templated":true}]}}